{"id":2158,"date":"2020-08-11T15:00:18","date_gmt":"2020-08-11T13:00:18","guid":{"rendered":"https:\/\/store.bajorat-media.com\/?page_id=2158"},"modified":"2020-08-11T16:57:12","modified_gmt":"2020-08-11T14:57:12","slug":"lecturers","status":"publish","type":"page","link":"https:\/\/store.bajorat-media.com\/en\/dozenten\/","title":{"rendered":"Lecturers"},"content":{"rendered":"<h3><img loading=\"lazy\" decoding=\"async\" class=\"circle-image alignleft wp-image-2186 size-thumbnail\" src=\"https:\/\/store.bajorat-media.com\/wp-content\/uploads\/2020\/08\/pascal-150x150.png\" alt=\"\" width=\"150\" height=\"150\" srcset=\"https:\/\/store.bajorat-media.com\/wp-content\/uploads\/2020\/08\/pascal-150x150.png 150w, https:\/\/store.bajorat-media.com\/wp-content\/uploads\/2020\/08\/pascal-324x324.png 324w, https:\/\/store.bajorat-media.com\/wp-content\/uploads\/2020\/08\/pascal-100x100.png 100w\" sizes=\"auto, (max-width: 150px) 100vw, 150px\" \/>Pascal Bajorat<br \/>\n<span>WordPress developer, programmer, SEO, web designer<\/span><\/h3>\n<p>I am a trained media designer and have been working as a web designer and developer for over 10 years. During my career I have worked as a web designer in one of the biggest European internet agencies.<\/p>\n<div class=\"clear\"><\/div>\n<p>Before starting my own business and founding today's WordPress agency, I was mainly responsible for the development department of one of the largest German e-learning portals with an associated agency business.<\/p>\n<p>Today I run my agency specialized in WordPress in the heart of Berlin. Together with my colleagues I mainly deal with the development of WordPress websites and special solutions for small companies up to corporations.<\/p>\n<p>In addition to the daily agency business, I am active as an author for video trainings and professional articles, which have already been published by well-known publishers and publicists. These include publications for T3N or the Webstandards Magazine \/ Screenguide.<\/p>\n<hr \/>\n<h3><img loading=\"lazy\" decoding=\"async\" class=\"circle-image alignleft wp-image-2185 size-thumbnail\" src=\"https:\/\/store.bajorat-media.com\/wp-content\/uploads\/2020\/08\/sascha-150x150.png\" alt=\"\" width=\"150\" height=\"150\" srcset=\"https:\/\/store.bajorat-media.com\/wp-content\/uploads\/2020\/08\/sascha-150x150.png 150w, https:\/\/store.bajorat-media.com\/wp-content\/uploads\/2020\/08\/sascha-324x324.png 324w, https:\/\/store.bajorat-media.com\/wp-content\/uploads\/2020\/08\/sascha-100x100.png 100w\" sizes=\"auto, (max-width: 150px) 100vw, 150px\" \/>Sascha Rudolph<br \/>\n<span>Art director, front-end developer and entrepreneur<\/span><\/h3>\n<\/h3>\n<p>I am a trained media designer for digital and print and have been working with Photoshop, design and programming since I was 13 years old.<\/p>\n<div class=\"clear\"><\/div>\n<p>I have been living and working in Berlin since 2008. Initially for one of the largest European Internet agencies, where I worked successfully as an art director for the last few years, I was later drawn to one of Germany's largest e-learning portals, where I also worked as an art director. Through this variety, I was able to acquire a wide-ranging expertise in the web and e-learning sector.<\/p>\n<p>Already in my apprenticeship, I started recording video trainings for a large Photoshop portal. Here I learned what matters in a training and also where my strengths lie. After more than 10 years in the industry, I am now the managing director of a small WordPress agency in the heart of Berlin and work for clients from Germany, Austria and Switzerland.<\/p>","protected":false},"excerpt":{"rendered":"<p>Pascal Bajorat WordPress-Entwickler, Programmierer, SEO, Webdesigner Ich bin ausgebildeter Mediengestalter und seit \u00fcber 10 Jahren als Webdesigner und Entwickler t\u00e4tig. Im Laufe meiner Karriere habe ich als Webdesigner in einer der gr\u00f6\u00dften europ\u00e4ischen Internet-Agenturen gearbeitet. Vor Antritt der Selbstst\u00e4ndigkeit und Gr\u00fcndung der heutigen WordPress-Agentur war ich f\u00fcr die Entwicklungsabteilung eines der gr\u00f6\u00dften deutschen E-Learning-Portale mit [&hellip;]<\/p>\n","protected":false},"author":2,"featured_media":0,"parent":0,"menu_order":0,"comment_status":"closed","ping_status":"closed","template":"","meta":{"_acf_changed":false,"footnotes":""},"class_list":["post-2158","page","type-page","status-publish","hentry"],"acf":[],"jetpack_shortlink":"https:\/\/wp.me\/PadDin-yO","jetpack_sharing_enabled":true,"_links":{"self":[{"href":"https:\/\/store.bajorat-media.com\/en\/wp-json\/wp\/v2\/pages\/2158","targetHints":{"allow":["GET"]}}],"collection":[{"href":"https:\/\/store.bajorat-media.com\/en\/wp-json\/wp\/v2\/pages"}],"about":[{"href":"https:\/\/store.bajorat-media.com\/en\/wp-json\/wp\/v2\/types\/page"}],"author":[{"embeddable":true,"href":"https:\/\/store.bajorat-media.com\/en\/wp-json\/wp\/v2\/users\/2"}],"replies":[{"embeddable":true,"href":"https:\/\/store.bajorat-media.com\/en\/wp-json\/wp\/v2\/comments?post=2158"}],"version-history":[{"count":11,"href":"https:\/\/store.bajorat-media.com\/en\/wp-json\/wp\/v2\/pages\/2158\/revisions"}],"predecessor-version":[{"id":2206,"href":"https:\/\/store.bajorat-media.com\/en\/wp-json\/wp\/v2\/pages\/2158\/revisions\/2206"}],"wp:attachment":[{"href":"https:\/\/store.bajorat-media.com\/en\/wp-json\/wp\/v2\/media?parent=2158"}],"curies":[{"name":"wp","href":"https:\/\/api.w.org\/{rel}","templated":true}]}}