{"id":208,"date":"2018-09-02T15:11:20","date_gmt":"2018-09-02T13:11:20","guid":{"rendered":"https:\/\/store.bajorat-media.com\/?page_id=208"},"modified":"2023-01-10T16:44:00","modified_gmt":"2023-01-10T15:44:00","slug":"contact-support","status":"publish","type":"page","link":"https:\/\/store.bajorat-media.com\/en\/kontakt-support\/","title":{"rendered":"Contact &amp; Support"},"content":{"rendered":"<div class=\"top-contact-notice\">\n<p><strong>Wichtig:<\/strong> Aufgrund der aktuellen Abmahnwelle in \u00d6sterreich sowie Deutschland erhalten wir sehr viele Anfrage zu unseren Plugins <a title=\"Automatic Google Fonts Embedder\" href=\"https:\/\/store.bajorat-media.com\/product\/automatic-google-fonts-embedder\/\" target=\"_blank\" rel=\"noopener\">Automatic Google Fonts Embedder<\/a> sowie <a href=\"https:\/\/store.bajorat-media.com\/product\/divi-dsgvo-google-fonts\/\" target=\"_blank\" rel=\"noopener\">Divi DSGVO &amp; Google Fonts<\/a>. Bitte pr\u00fcfen Sie daher vor Ihrer Anfrage unseren <a title=\"Hilfe-Bereich\" href=\"https:\/\/hilfe.bajorat-media.com\/collections\/208644-automatic-google-fonts-embedder\" target=\"_blank\" rel=\"noopener\">Hilfe-Bereich<\/a>. Dort finden Sie auf die meisten Fragen und Probleme bereits eine Antwort.<\/p>\n<p><b>Nach der Aktivierung des Plugins sind noch Google Fonts auf Ihrer Webseite?\u00a0 Nutzen Sie unser neues Self-Service Tool: <a href=\"https:\/\/bm-gfonts-helper.bajorat-media.com\/\" target=\"_blank\" rel=\"noopener\">https:\/\/bm-gfonts-helper.bajorat-media.com\/<\/a><\/b><\/p>\n<p style=\"margin-bottom: 0;\">Falls Sie mit den dortigen Informationen Ihr Problem nicht l\u00f6sen konnten, helfen wir nat\u00fcrlich weiterhin gerne pers\u00f6nlich weiter.<\/p>\n<\/div>\n<script>\nvar gform;gform||(document.addEventListener(\"gform_main_scripts_loaded\",function(){gform.scriptsLoaded=!0}),document.addEventListener(\"gform\/theme\/scripts_loaded\",function(){gform.themeScriptsLoaded=!0}),window.addEventListener(\"DOMContentLoaded\",function(){gform.domLoaded=!0}),gform={domLoaded:!1,scriptsLoaded:!1,themeScriptsLoaded:!1,isFormEditor:()=>\"function\"==typeof InitializeEditor,callIfLoaded:function(o){return!(!gform.domLoaded||!gform.scriptsLoaded||!gform.themeScriptsLoaded&&!gform.isFormEditor()||(gform.isFormEditor()&&console.warn(\"The use of gform.initializeOnLoaded() is deprecated in the form editor context and will be removed in Gravity Forms 3.1.\"),o(),0))},initializeOnLoaded:function(o){gform.callIfLoaded(o)||(document.addEventListener(\"gform_main_scripts_loaded\",()=>{gform.scriptsLoaded=!0,gform.callIfLoaded(o)}),document.addEventListener(\"gform\/theme\/scripts_loaded\",()=>{gform.themeScriptsLoaded=!0,gform.callIfLoaded(o)}),window.addEventListener(\"DOMContentLoaded\",()=>{gform.domLoaded=!0,gform.callIfLoaded(o)}))},hooks:{action:{},filter:{}},addAction:function(o,r,e,t){gform.addHook(\"action\",o,r,e,t)},addFilter:function(o,r,e,t){gform.addHook(\"filter\",o,r,e,t)},doAction:function(o){gform.doHook(\"action\",o,arguments)},applyFilters:function(o){return gform.doHook(\"filter\",o,arguments)},removeAction:function(o,r){gform.removeHook(\"action\",o,r)},removeFilter:function(o,r,e){gform.removeHook(\"filter\",o,r,e)},addHook:function(o,r,e,t,n){null==gform.hooks[o][r]&&(gform.hooks[o][r]=[]);var d=gform.hooks[o][r];null==n&&(n=r+\"_\"+d.length),gform.hooks[o][r].push({tag:n,callable:e,priority:t=null==t?10:t})},doHook:function(r,o,e){var t;if(e=Array.prototype.slice.call(e,1),null!=gform.hooks[r][o]&&((o=gform.hooks[r][o]).sort(function(o,r){return o.priority-r.priority}),o.forEach(function(o){\"function\"!=typeof(t=o.callable)&&(t=window[t]),\"action\"==r?t.apply(null,e):e[0]=t.apply(null,e)})),\"filter\"==r)return e[0]},removeHook:function(o,r,t,n){var e;null!=gform.hooks[o][r]&&(e=(e=gform.hooks[o][r]).filter(function(o,r,e){return!!(null!=n&&n!=o.tag||null!=t&&t!=o.priority)}),gform.hooks[o][r]=e)}});\n<\/script>\n\n                <div class='gf_browser_gecko gform_wrapper gravity-theme gform-theme--no-framework' data-form-theme='gravity-theme' data-form-index='0' id='gform_wrapper_1' style='display:none'><div id='gf_1' class='gform_anchor' tabindex='-1'><\/div>\n                        <div class='gform_heading'>\n                            <p class='gform_description'><\/p>\n                        <\/div><form method='post' enctype='multipart\/form-data' target='gform_ajax_frame_1' id='gform_1'  action='\/en\/wp-json\/wp\/v2\/pages\/208#gf_1' data-formid='1' novalidate>\n                        <div class='gform-body gform_body'><div id='gform_fields_1' class='gform_fields top_label form_sublabel_below description_below validation_below'><div id=\"field_1_16\" class=\"gfield gfield--type-honeypot gform_validation_container field_sublabel_below gfield--has-description field_description_below field_validation_below gfield_visibility_visible\"  ><label class='gfield_label gform-field-label' for='input_1_16'>Company<\/label><div class='ginput_container'><input name='input_16' id='input_1_16' type='text' value='' autocomplete='new-password'\/><\/div><div class='gfield_description' id='gfield_description_1_16'>This field is for validation purposes and should be left unchanged.<\/div><\/div><div id=\"field_1_13\" class=\"gfield gfield--type-select gfield--width-quarter gfield_contains_required field_sublabel_below gfield--no-description field_description_below field_validation_below gfield_visibility_visible\"  ><label class='gfield_label gform-field-label' for='input_1_13'>Anrede<span class=\"gfield_required\"><span class=\"gfield_required gfield_required_text\">(Required)<\/span><\/span><\/label><div class='ginput_container ginput_container_select'><select name='input_13' id='input_1_13' class='large gfield_select'    aria-required=\"true\" aria-invalid=\"false\" ><option value='Herr' >Herr<\/option><option value='Frau' >Frau<\/option><option value='-' >-<\/option><\/select><\/div><\/div><fieldset id=\"field_1_1\" class=\"gfield gfield--type-name gfield--width-three-quarter gfield_contains_required field_sublabel_below gfield--no-description field_description_below field_validation_below gfield_visibility_visible\"  ><legend class='gfield_label gform-field-label gfield_label_before_complex' >Name<span class=\"gfield_required\"><span class=\"gfield_required gfield_required_text\">(Required)<\/span><\/span><\/legend><div class='ginput_complex ginput_container ginput_container--name no_prefix has_first_name no_middle_name has_last_name no_suffix gf_name_has_2 ginput_container_name gform-grid-row' id='input_1_1'>\n                            \n                            <span id='input_1_1_3_container' class='name_first gform-grid-col gform-grid-col--size-auto' >\n                                                    <input type='text' name='input_1.3' id='input_1_1_3' value=''   aria-required='true'     \/>\n                                                    <label for='input_1_1_3' class='gform-field-label gform-field-label--type-sub '>First<\/label>\n                                                <\/span>\n                            \n                            <span id='input_1_1_6_container' class='name_last gform-grid-col gform-grid-col--size-auto' >\n                                                    <input type='text' name='input_1.6' id='input_1_1_6' value=''   aria-required='true'     \/>\n                                                    <label for='input_1_1_6' class='gform-field-label gform-field-label--type-sub '>Last<\/label>\n                                                <\/span>\n                            \n                        <\/div><\/fieldset><div id=\"field_1_3\" class=\"gfield gfield--type-email gfield--width-half gfield_contains_required field_sublabel_below gfield--no-description field_description_below field_validation_below gfield_visibility_visible\"  ><label class='gfield_label gform-field-label' for='input_1_3'>E-Mail<span class=\"gfield_required\"><span class=\"gfield_required gfield_required_text\">(Required)<\/span><\/span><\/label><div class='ginput_container ginput_container_email'>\n                            <input name='input_3' id='input_1_3' type='email' value='' class='large'    aria-required=\"true\" aria-invalid=\"false\"  \/>\n                        <\/div><\/div><div id=\"field_1_4\" class=\"gfield gfield--type-phone gfield--width-half field_sublabel_below gfield--no-description field_description_below field_validation_below gfield_visibility_visible\"  ><label class='gfield_label gform-field-label' for='input_1_4'>Telefon \/ Mobilnummer<\/label><div class='ginput_container ginput_container_phone'><input name='input_4' id='input_1_4' type='tel' value='' class='large'    aria-invalid=\"false\"   \/><\/div><\/div><div id=\"field_1_14\" class=\"gfield gfield--type-select gfield--width-full gfield_contains_required field_sublabel_below gfield--no-description field_description_below field_validation_below gfield_visibility_visible\"  ><label class='gfield_label gform-field-label' for='input_1_14'>Um welches Produkt \/ Plugin geht es<span class=\"gfield_required\"><span class=\"gfield_required gfield_required_text\">(Required)<\/span><\/span><\/label><div class='ginput_container ginput_container_select'><select name='input_14' id='input_1_14' class='large gfield_select'    aria-required=\"true\" aria-invalid=\"false\" ><option value='' >Bitte ausw\u00e4hlen ...<\/option><option value='Automatic Google Fonts Embedder' >Automatic Google Fonts Embedder<\/option><option value='Divi DSGVO &amp; Google Fonts' >Divi DSGVO &amp; Google Fonts<\/option><option value='simpleCE' >simpleCE<\/option><option value='WordPress Kurs' >WordPress Kurs<\/option><option value='Bootstrap Kurs' >Bootstrap Kurs<\/option><option value='Leedeo' >Leedeo<\/option><\/select><\/div><\/div><div id=\"field_1_15\" class=\"gfield gfield--type-html gfield--width-full gfield_html gfield_html_formatted gfield_no_follows_desc field_sublabel_below gfield--no-description field_description_below field_validation_below gfield_visibility_visible\"  ><div class=\"top-contact-notice\">\n<p><strong>Haben Sie schon unser Self-Service Tool gepr\u00fcft?<\/strong> Wir haben speziell f\u00fcr dieses Plugin ein Self-Service Tool zur Verf\u00fcgung gestellt, welches auf die h\u00e4ufigsten Fragen direkt eine Info hat.<\/p>\n<p>Falls noch Google Fonts auf Ihrer Webseite auftauchen, finden Sie dort z.B. auch ein Pr\u00fcftool f\u00fcr bekannte Probleme oder Einstellungen.<\/p>\n<p style=\"margin-bottom:0;\"><a href=\"https:\/\/bm-gfonts-helper.bajorat-media.com\/\" target=\"_blank\"><strong>Self-Service Tool \u00f6ffnen und Webseite pr\u00fcfen<\/strong><\/a><\/p>\n<\/div><\/div><div id=\"field_1_5\" class=\"gfield gfield--type-website gfield--width-full field_sublabel_below gfield--has-description field_description_below field_validation_below gfield_visibility_visible\"  ><label class='gfield_label gform-field-label' for='input_1_5'>Webseite<\/label><div class='ginput_container ginput_container_website'>\n                    <input name='input_5' id='input_1_5' type='url' value='' class='large'  aria-describedby=\"gfield_description_1_5\"  placeholder='https:\/\/'  aria-invalid=\"false\" \/>\n                <\/div><div class='gfield_description' id='gfield_description_1_5'>Um welche Webseite geht es in Ihrer Support-Anfrage?<\/div><\/div><div id=\"field_1_10\" class=\"gfield gfield--type-text gfield--width-full gfield_contains_required field_sublabel_below gfield--has-description field_description_below field_validation_below gfield_visibility_visible\"  ><label class='gfield_label gform-field-label' for='input_1_10'>Problem in einem Satz<span class=\"gfield_required\"><span class=\"gfield_required gfield_required_text\">(Required)<\/span><\/span><\/label><div class='ginput_container ginput_container_text'><input name='input_10' id='input_1_10' type='text' value='' class='large'  aria-describedby=\"gfield_description_1_10\"   aria-required=\"true\" aria-invalid=\"false\"   \/><\/div><div class='gfield_description' id='gfield_description_1_10'>Bitte beschreiben Sie in einem Satz Ihr Anliegen sowie das Produkt um welches es geht.<\/div><\/div><div id=\"field_1_9\" class=\"gfield gfield--type-textarea gfield--width-full gfield_contains_required field_sublabel_below gfield--no-description field_description_below field_validation_below gfield_visibility_visible\"  ><label class='gfield_label gform-field-label' for='input_1_9'>Ihre Nachricht \/ Details der Problembeschreibung<span class=\"gfield_required\"><span class=\"gfield_required gfield_required_text\">(Required)<\/span><\/span><\/label><div class='ginput_container ginput_container_textarea'><textarea name='input_9' id='input_1_9' class='textarea large'     aria-required=\"true\" aria-invalid=\"false\"   rows='10' cols='50'><\/textarea><\/div><\/div><div id=\"field_1_12\" class=\"gfield gfield--type-textarea gfield--width-full field_sublabel_below gfield--has-description field_description_below field_validation_below gfield_visibility_visible\"  ><label class='gfield_label gform-field-label' for='input_1_12'>Zugangsdaten<\/label><div class='ginput_container ginput_container_textarea'><textarea name='input_12' id='input_1_12' class='textarea small'  aria-describedby=\"gfield_description_1_12\"    aria-invalid=\"false\"   rows='10' cols='50'><\/textarea><\/div><div class='gfield_description' id='gfield_description_1_12'>In den meisten F\u00e4llen k\u00f6nnen wir Probleme nur mit Hilfe der Zugangsdaten sinnvoll pr\u00fcfen. Bitte \u00fcbermitteln Sie daher entsprechende Zugangsdaten zur Webseite.<\/div><\/div><div id=\"field_1_6\" class=\"gfield gfield--type-fileupload gfield--width-full field_sublabel_below gfield--no-description field_description_below field_validation_below gfield_visibility_visible\"  ><label class='gfield_label gform-field-label' for='gform_browse_button_1_6'>Screenshots oder andere Anh\u00e4nge<\/label><div class='ginput_container ginput_container_fileupload'><div id='gform_multifile_upload_1_6' data-settings='{&quot;runtimes&quot;:&quot;html5,flash,html4&quot;,&quot;browse_button&quot;:&quot;gform_browse_button_1_6&quot;,&quot;container&quot;:&quot;gform_multifile_upload_1_6&quot;,&quot;drop_element&quot;:&quot;gform_drag_drop_area_1_6&quot;,&quot;filelist&quot;:&quot;gform_preview_1_6&quot;,&quot;unique_names&quot;:true,&quot;file_data_name&quot;:&quot;file&quot;,&quot;url&quot;:&quot;https:\\\/\\\/store.bajorat-media.com\\\/?gf_page=ae0ac4ea510b4e4&quot;,&quot;flash_swf_url&quot;:&quot;https:\\\/\\\/store.bajorat-media.com\\\/wp-includes\\\/js\\\/plupload\\\/plupload.flash.swf&quot;,&quot;silverlight_xap_url&quot;:&quot;https:\\\/\\\/store.bajorat-media.com\\\/wp-includes\\\/js\\\/plupload\\\/plupload.silverlight.xap&quot;,&quot;filters&quot;:{&quot;mime_types&quot;:[{&quot;title&quot;:&quot;Allowed Files&quot;,&quot;extensions&quot;:&quot;*&quot;}],&quot;max_file_size&quot;:&quot;16777216b&quot;},&quot;multipart&quot;:true,&quot;urlstream_upload&quot;:false,&quot;multipart_params&quot;:{&quot;form_id&quot;:1,&quot;field_id&quot;:6,&quot;_gform_file_upload_nonce_1_6&quot;:&quot;5963d87fc2&quot;},&quot;gf_vars&quot;:{&quot;max_files&quot;:&quot;10&quot;,&quot;message_id&quot;:&quot;gform_multifile_messages_1_6&quot;,&quot;disallowed_extensions&quot;:[&quot;php&quot;,&quot;asp&quot;,&quot;aspx&quot;,&quot;cmd&quot;,&quot;csh&quot;,&quot;bat&quot;,&quot;html&quot;,&quot;htm&quot;,&quot;hta&quot;,&quot;jar&quot;,&quot;exe&quot;,&quot;com&quot;,&quot;js&quot;,&quot;lnk&quot;,&quot;htaccess&quot;,&quot;phar&quot;,&quot;phtml&quot;,&quot;ps1&quot;,&quot;ps2&quot;,&quot;php3&quot;,&quot;php4&quot;,&quot;php5&quot;,&quot;php6&quot;,&quot;py&quot;,&quot;rb&quot;,&quot;tmp&quot;]}}' class='gform_fileupload_multifile'>\n\t\t\t\t\t\t\t\t\t\t<div id='gform_drag_drop_area_1_6' class='gform_drop_area gform-theme-field-control'>\n\t\t\t\t\t\t\t\t\t\t\t<span class='gform_drop_instructions'>Drop files here or <\/span>\n\t\t\t\t\t\t\t\t\t\t\t<button type='button' id='gform_browse_button_1_6' class='button gform_button_select_files gform-theme-button gform-theme-button--control' aria-describedby=\"gfield_upload_rules_1_6\"  >Select files<\/button>\n\t\t\t\t\t\t\t\t\t\t<\/div>\n\t\t\t\t\t\t\t\t\t<\/div><span class='gfield_description gform_fileupload_rules' id='gfield_upload_rules_1_6'>Max. file size: 16 MB, Max. files: 10.<\/span><ul class='validation_message--hidden-on-empty gform-ul-reset' id='gform_multifile_messages_1_6'><\/ul> <div id='gform_preview_1_6' class='ginput_preview_list'><\/div><\/div><\/div><div id=\"field_1_8\" class=\"gfield gfield--type-html gfield--width-seven-twelfths gfield_html gfield_html_formatted gfield_no_follows_desc field_sublabel_below gfield--no-description field_description_below field_validation_below gfield_visibility_visible\"  ><div style=\"font-size:.9em; padding-right: 15px;\"><p>Mit dem Absenden des Formulars stimme Ich zu, dass meine Angaben aus dem Kontaktformular zur Beantwortung meiner Anfrage erhoben und verarbeitet werden.<\/p>\n\n<p>Detaillierte Informationen zum Umgang mit Kundendaten finden Sie in unserer <a href=\"https:\/\/www.bajorat-media.com\/datenschutz\/\" target=\"_blank\">Datenschutzerkl\u00e4rung<\/a>.<\/p><\/div><\/div><div id=\"field_1_11\" class=\"gfield gfield--type-captcha gfield--width-five-twelfths field_sublabel_below gfield--no-description field_description_below field_validation_below gfield_visibility_visible\"  ><label class='gfield_label gform-field-label screen-reader-text' for='input_1_11'><\/label><div id='input_1_11' class='ginput_container ginput_recaptcha' data-sitekey='6Lfd3YkhAAAAAB_7aADxd4L5RSrTiM-NMqN4JYgi'  data-theme='light' data-tabindex='0'  data-badge=''><\/div><\/div><\/div><\/div>\n        <div class='gform-footer gform_footer top_label'> <input type='submit' id='gform_submit_button_1' class='gform_button button' onclick='gform.submission.handleButtonClick(this);' data-submission-type='submit' value='Anfrage abschicken'  \/> <input type='hidden' name='gform_ajax' value='form_id=1&amp;title=&amp;description=1&amp;tabindex=0&amp;theme=gravity-theme&amp;styles=[]&amp;hash=9af9bd7a10d024e780426e1c9f00a5bf' \/>\n            <input type='hidden' class='gform_hidden' name='gform_submission_method' data-js='gform_submission_method_1' value='iframe' \/>\n            <input type='hidden' class='gform_hidden' name='gform_theme' data-js='gform_theme_1' id='gform_theme_1' value='gravity-theme' \/>\n            <input type='hidden' class='gform_hidden' name='gform_style_settings' data-js='gform_style_settings_1' id='gform_style_settings_1' value='[]' \/>\n            <input type='hidden' class='gform_hidden' name='is_submit_1' value='1' \/>\n            <input type='hidden' class='gform_hidden' name='gform_submit' value='1' \/>\n            \n            <input type='hidden' class='gform_hidden' name='gform_currency' data-currency='EUR' value='Bb1gXnpbx0yC20r1HkaQtjsi+AqBnEZWnW6Cl0a2n3R7EtU6SHXP4AHeCPuhguIpAfLKgv9dj\/NceN9Ec5S\/ypOsMvoCfRUnn+CkbkzBqACPHrg=' \/>\n            <input type='hidden' class='gform_hidden' name='gform_unique_id' value='' \/>\n            <input type='hidden' class='gform_hidden' name='state_1' value='WyJbXSIsIjU4OGI1MjM1ZGIxOGY5MmFhYjUwMTVhODY4NTI1MDFmIl0=' \/>\n            <input type='hidden' autocomplete='off' class='gform_hidden' name='gform_target_page_number_1' id='gform_target_page_number_1' value='0' \/>\n            <input type='hidden' autocomplete='off' class='gform_hidden' name='gform_source_page_number_1' id='gform_source_page_number_1' value='1' \/>\n            <input type='hidden' name='gform_field_values' value='' \/>\n            <input type='hidden' name='gform_uploaded_files' id='gform_uploaded_files_1' value='' \/>\n        <\/div>\n                        <\/form>\n                        <\/div>\n\t\t                <iframe style='display:none;width:0px;height:0px;' src='about:blank' name='gform_ajax_frame_1' id='gform_ajax_frame_1' title='This iframe contains the logic required to handle Ajax powered Gravity Forms.'><\/iframe>\n\t\t                <script>\ngform.initializeOnLoaded( function() {gformInitSpinner( 1, 'https:\/\/store.bajorat-media.com\/wp-content\/plugins\/gravityforms\/images\/spinner.svg', true );jQuery('#gform_ajax_frame_1').on('load',function(){var contents = jQuery(this).contents().find('*').html();var is_postback = contents.indexOf('GF_AJAX_POSTBACK') >= 0;if(!is_postback){return;}var form_content = jQuery(this).contents().find('#gform_wrapper_1');var is_confirmation = jQuery(this).contents().find('#gform_confirmation_wrapper_1').length > 0;var is_redirect = contents.indexOf('gformRedirect(){') >= 0;var is_form = form_content.length > 0 && ! is_redirect && ! is_confirmation;var mt = parseInt(jQuery('html').css('margin-top'), 10) + parseInt(jQuery('body').css('margin-top'), 10) + 100;if(is_form){form_content.find('form').css('opacity', 0);jQuery('#gform_wrapper_1').html(form_content.html());if(form_content.hasClass('gform_validation_error')){jQuery('#gform_wrapper_1').addClass('gform_validation_error');} else {jQuery('#gform_wrapper_1').removeClass('gform_validation_error');}setTimeout( function() { \/* delay the scroll by 50 milliseconds to fix a bug in chrome *\/ jQuery(document).scrollTop(jQuery('#gform_wrapper_1').offset().top - mt); }, 50 );if(window['gformInitDatepicker']) {gformInitDatepicker();}if(window['gformInitPriceFields']) {gformInitPriceFields();}var current_page = jQuery('#gform_source_page_number_1').val();gformInitSpinner( 1, 'https:\/\/store.bajorat-media.com\/wp-content\/plugins\/gravityforms\/images\/spinner.svg', true );jQuery(document).trigger('gform_page_loaded', [1, current_page]);window['gf_submitting_1'] = false;}else if(!is_redirect){var confirmation_content = jQuery(this).contents().find('.GF_AJAX_POSTBACK').html();if(!confirmation_content){confirmation_content = contents;}jQuery('#gform_wrapper_1').replaceWith(confirmation_content);jQuery(document).scrollTop(jQuery('#gf_1').offset().top - mt);jQuery(document).trigger('gform_confirmation_loaded', [1]);window['gf_submitting_1'] = false;wp.a11y.speak(jQuery('#gform_confirmation_message_1').text());}else{jQuery('#gform_1').append(contents);if(window['gformRedirect']) {gformRedirect();}}jQuery(document).trigger(\"gform_pre_post_render\", [{ formId: \"1\", currentPage: \"current_page\", abort: function() { this.preventDefault(); } }]);        if (event && event.defaultPrevented) {                return;        }        const gformWrapperDiv = document.getElementById( \"gform_wrapper_1\" );        if ( gformWrapperDiv ) {            const visibilitySpan = document.createElement( \"span\" );            visibilitySpan.id = \"gform_visibility_test_1\";            gformWrapperDiv.insertAdjacentElement( \"afterend\", visibilitySpan );        }        const visibilityTestDiv = document.getElementById( \"gform_visibility_test_1\" );        let postRenderFired = false;        function triggerPostRender() {            if ( postRenderFired ) {                return;            }            postRenderFired = true;            gform.core.triggerPostRenderEvents( 1, current_page );            if ( visibilityTestDiv ) {                visibilityTestDiv.parentNode.removeChild( visibilityTestDiv );            }        }        function debounce( func, wait, immediate ) {            var timeout;            return function() {                var context = this, args = arguments;                var later = function() {                    timeout = null;                    if ( !immediate ) func.apply( context, args );                };                var callNow = immediate && !timeout;                clearTimeout( timeout );                timeout = setTimeout( later, wait );                if ( callNow ) func.apply( context, args );            };        }        const debouncedTriggerPostRender = debounce( function() {            triggerPostRender();        }, 200 );        if ( visibilityTestDiv && visibilityTestDiv.offsetParent === null ) {            const observer = new MutationObserver( ( mutations ) => {                mutations.forEach( ( mutation ) => {                    if ( mutation.type === 'attributes' && visibilityTestDiv.offsetParent !== null ) {                        debouncedTriggerPostRender();                        observer.disconnect();                    }                });            });            observer.observe( document.body, {                attributes: true,                childList: false,                subtree: true,                attributeFilter: [ 'style', 'class' ],            });        } else {            triggerPostRender();        }    } );} );\n<\/script>\n\n","protected":false},"excerpt":{"rendered":"<p>Wichtig: Aufgrund der aktuellen Abmahnwelle in \u00d6sterreich sowie Deutschland erhalten wir sehr viele Anfrage zu unseren Plugins Automatic Google Fonts Embedder sowie Divi DSGVO &amp; Google Fonts. Bitte pr\u00fcfen Sie daher vor Ihrer Anfrage unseren Hilfe-Bereich. Dort finden Sie auf die meisten Fragen und Probleme bereits eine Antwort. Nach der Aktivierung des Plugins sind noch [&hellip;]<\/p>\n","protected":false},"author":1,"featured_media":0,"parent":0,"menu_order":0,"comment_status":"closed","ping_status":"closed","template":"template-fullwidth.php","meta":{"_acf_changed":false,"footnotes":""},"class_list":["post-208","page","type-page","status-publish","hentry"],"acf":[],"jetpack_shortlink":"https:\/\/wp.me\/PadDin-3m","jetpack_sharing_enabled":true,"_links":{"self":[{"href":"https:\/\/store.bajorat-media.com\/en\/wp-json\/wp\/v2\/pages\/208","targetHints":{"allow":["GET"]}}],"collection":[{"href":"https:\/\/store.bajorat-media.com\/en\/wp-json\/wp\/v2\/pages"}],"about":[{"href":"https:\/\/store.bajorat-media.com\/en\/wp-json\/wp\/v2\/types\/page"}],"author":[{"embeddable":true,"href":"https:\/\/store.bajorat-media.com\/en\/wp-json\/wp\/v2\/users\/1"}],"replies":[{"embeddable":true,"href":"https:\/\/store.bajorat-media.com\/en\/wp-json\/wp\/v2\/comments?post=208"}],"version-history":[{"count":12,"href":"https:\/\/store.bajorat-media.com\/en\/wp-json\/wp\/v2\/pages\/208\/revisions"}],"predecessor-version":[{"id":5113,"href":"https:\/\/store.bajorat-media.com\/en\/wp-json\/wp\/v2\/pages\/208\/revisions\/5113"}],"wp:attachment":[{"href":"https:\/\/store.bajorat-media.com\/en\/wp-json\/wp\/v2\/media?parent=208"}],"curies":[{"name":"wp","href":"https:\/\/api.w.org\/{rel}","templated":true}]}}